{"id":21631,"date":"2022-06-06T12:24:42","date_gmt":"2022-06-06T11:24:42","guid":{"rendered":"https:\/\/uksw.edu.pl\/doktorzy-honoris-causa\/"},"modified":"2023-01-27T11:57:47","modified_gmt":"2023-01-27T09:57:47","slug":"doctors-honoris-causa","status":"publish","type":"page","link":"https:\/\/uksw.edu.pl\/en\/university\/about-us\/doctors-honoris-causa\/","title":{"rendered":"Doctors honoris causa"},"content":{"rendered":"\n<h2 class=\"wp-block-heading\">Doctors <em>honoris causa<\/em> UKSW<\/h2>\n\n\n\n<ul class=\"wp-block-list\">\n<li>prof. dr hab. n. med. Henryk Skar\u017cy\u0144ski &#8211; 27.05.2022<\/li>\n\n\n\n<li>prof. dr hab. Stanis\u0142aw Grygiel &#8211; 30.06.2021<\/li>\n\n\n\n<li>prof. dr hab. Bogus\u0142aw \u015aliwerski &#8211; 25.06.2020<\/li>\n\n\n\n<li>abp Celestino Migliore &#8211; 28.05.2019<\/li>\n\n\n\n<li>prof. Margaret Archer &#8211; 22.11.2017<\/li>\n\n\n\n<li>o. Federico Lombardi SJ &#8211; 24.10.2017<\/li>\n\n\n\n<li>prof. dr hab. Henryk Wo\u017aniakowski &#8211; 31.01.2017<\/li>\n\n\n\n<li>ks. prof. dr hab. Kazimierz Popielski &#8211; 20.03.2014<\/li>\n\n\n\n<li>prof. dr hab. Teresa Micha\u0142owska &#8211; 20.02.2014<\/li>\n\n\n\n<li>abp J\u00e1n Babjak &#8211; 25.04.2013<\/li>\n\n\n\n<li>abp J\u00f3zef Michalik &#8211; 21.02.2013<\/li>\n\n\n\n<li>prof. Vaclav Klaus &#8211; 11.10.2012<\/li>\n\n\n\n<li>prof. dr hab. Jerzy Buzek &#8211; 1.06.2012<\/li>\n\n\n\n<li>prof. dr hab. Andrzej Schinzel &#8211; 23.02.2012<\/li>\n\n\n\n<li>kard. Peter Erd\u00f6- 15.09.2011<\/li>\n\n\n\n<li>dr hab. Hanna Suchocka &#8211; 27.05.2011<\/li>\n\n\n\n<li>abp S\u0142awoj Leszek G\u0142\u00f3d\u017a &#8211; 26.05.2010<\/li>\n\n\n\n<li>bp dr hab. Tadeusz P\u0142oski, prof. ucz. &#8211; 26.05.2010<\/li>\n\n\n\n<li>dr hab. Stefan Sawicki, prof. ucz. &#8211; 26.11.2009<\/li>\n\n\n\n<li>ks. prof. dr hab. Micha\u0142 Heller &#8211; 22.01.2009<\/li>\n\n\n\n<li>prof. JUDr. Peter Blaho &#8211; 6.10.2008<\/li>\n\n\n\n<li>abp dr Robert Zollitsch &#8211; 28.05.2008<\/li>\n\n\n\n<li>Ryszard Kaczorowski &#8211; 21.02.2008<\/li>\n\n\n\n<li>abp Adam Koz\u0142owiecki SJ &#8211; 25.07.2007<\/li>\n\n\n\n<li>bp Antoni Stankiewicz &#8211; 28.05.2007<\/li>\n\n\n\n<li>prof. dr hab. Antoni Bazyli St\u0119pie\u0144 &#8211; 26.04.2007<\/li>\n\n\n\n<li>bp Gerhard M\u00fcller &#8211; 9.01.2007<\/li>\n\n\n\n<li>Ferenc M\u00e1dl &#8211; 23.11.2006<\/li>\n\n\n\n<li>kard. Eduard Michael Egan &#8211; 29.04.2004<\/li>\n\n\n\n<li>kard. Jan Chryzostom Korec &#8211; 6.10.2003<\/li>\n\n\n\n<li>kard. Angelo Sodano &#8211; 18.06.2003<\/li>\n\n\n\n<li>prof. dr hab. Andrzej Stelmachowski &#8211; 18.12.2002<\/li>\n\n\n\n<li>prof. dr hab. Krzysztof Skubiszewski &#8211; 18.12.2002<\/li>\n\n\n\n<li>kard. Marian Jaworski &#8211; 28.05.2002<\/li>\n\n\n\n<li>prof. Roland Hetzer &#8211; 17.04.2002<\/li>\n\n\n\n<li>papie\u017c Jan Pawe\u0142 II &#8211; 15.12.2001<\/li>\n\n\n\n<li>kard. J\u00f3zef Glemp &#8211; 8.10.2001<\/li>\n\n\n\n<li>abp J\u00f3zef Kowalczyk &#8211; 29.05.2000<\/li>\n<\/ul>\n\n\n\n<p><strong>Doctors <\/strong><strong><em>honoris causa<\/em><\/strong><strong> Akademii Teologii Katolickiej<\/strong><\/p>\n\n\n\n<ul class=\"wp-block-list\">\n<li>kard. J\u00f3zef Glemp&nbsp;&#8211; 1982<\/li>\n\n\n\n<li>ks. prof. Josef Georg Ziegler &#8211; 1983<\/li>\n\n\n\n<li>br. Roger Schultz &#8211; 1986<\/li>\n\n\n\n<li>ks. prof. Edouard Bone &#8211; 1989<\/li>\n\n\n\n<li>ks. dr Antoni Liedke &#8211; 1989<\/li>\n\n\n\n<li>ks. prof. Lothar Ullrich &#8211; 1990<\/li>\n\n\n\n<li>o. prof. J\u00f3zef M. Boche\u0144ski OP&nbsp; &#8211; 1990<\/li>\n\n\n\n<li>abp Ignacy Tokarczuk &#8211; 1991<\/li>\n\n\n\n<li>ks. prof. Norbert Hoslinger&nbsp;&#8211; 1982<\/li>\n\n\n\n<li>kard Franciszek Macharski &#8211; 1992<\/li>\n\n\n\n<li>o. Hans Waldenfels SJ&nbsp;&#8211; 1993<\/li>\n\n\n\n<li>Henryk Miko\u0142aj G\u00f3recki&nbsp;&#8211; 1993<\/li>\n\n\n\n<li>kard. Josef Tomko&nbsp;&#8211; 1994<\/li>\n\n\n\n<li>o. Feliks W. Bednarski OP &#8211; 1994<\/li>\n\n\n\n<li>dr hab. Alicja Grze\u015bkowiak &#8211; 1995<\/li>\n\n\n\n<li>ks. prof. Gabriel Adrianyi &#8211; 1996<\/li>\n\n\n\n<li>bp Paul Nordhues&nbsp;&#8211; 1996<\/li>\n\n\n\n<li>bp Karl Lehmann &#8211; 1997<\/li>\n\n\n\n<li>prof. Joseph Isensee&nbsp;&#8211; 1997<\/li>\n\n\n\n<li>kard. Zenon Grocholewski&nbsp;&#8211; 1998<\/li>\n<\/ul>\n","protected":false},"excerpt":{"rendered":"<p>Doctors honoris causa UKSW Doctors honoris causa Akademii Teologii Katolickiej<\/p>\n","protected":false},"author":1,"featured_media":8264,"parent":21796,"menu_order":4,"comment_status":"closed","ping_status":"closed","template":"page-templates\/template-sub-page.php","meta":{"_acf_changed":false,"inline_featured_image":false,"footnotes":"","_links_to":"","_links_to_target":""},"class_list":["post-21631","page","type-page","status-publish","has-post-thumbnail","hentry"],"acf":[],"_links":{"self":[{"href":"https:\/\/uksw.edu.pl\/en\/wp-json\/wp\/v2\/pages\/21631","targetHints":{"allow":["GET"]}}],"collection":[{"href":"https:\/\/uksw.edu.pl\/en\/wp-json\/wp\/v2\/pages"}],"about":[{"href":"https:\/\/uksw.edu.pl\/en\/wp-json\/wp\/v2\/types\/page"}],"author":[{"embeddable":true,"href":"https:\/\/uksw.edu.pl\/en\/wp-json\/wp\/v2\/users\/1"}],"replies":[{"embeddable":true,"href":"https:\/\/uksw.edu.pl\/en\/wp-json\/wp\/v2\/comments?post=21631"}],"version-history":[{"count":0,"href":"https:\/\/uksw.edu.pl\/en\/wp-json\/wp\/v2\/pages\/21631\/revisions"}],"up":[{"embeddable":true,"href":"https:\/\/uksw.edu.pl\/en\/wp-json\/wp\/v2\/pages\/21796"}],"wp:featuredmedia":[{"embeddable":true,"href":"https:\/\/uksw.edu.pl\/en\/wp-json\/wp\/v2\/media\/8264"}],"wp:attachment":[{"href":"https:\/\/uksw.edu.pl\/en\/wp-json\/wp\/v2\/media?parent=21631"}],"curies":[{"name":"wp","href":"https:\/\/api.w.org\/{rel}","templated":true}]}}