{"id":21706,"date":"2022-06-04T06:31:03","date_gmt":"2022-06-04T05:31:03","guid":{"rendered":"https:\/\/uksw.edu.pl\/hr-excellence-in-research\/"},"modified":"2026-04-08T19:25:37","modified_gmt":"2026-04-08T18:25:37","slug":"hr-excellence-in-research","status":"publish","type":"page","link":"https:\/\/uksw.edu.pl\/en\/science\/hr-excellence-in-research\/","title":{"rendered":"HR Excellence in Research"},"content":{"rendered":"\n<h2 class=\"wp-block-heading\"><br><\/h2>\n\n\n\r\n<div class=\"\">\r\n\r\n<div class=\"page_heading\"> <img decoding=\"async\" src=\"https:\/\/uksw.edu.pl\/wp-content\/themes\/uksw\/images\/note-2_white.svg\" alt=\"\"> Wybierz interesuj\u0105cy Ci\u0119 dzia\u0142:<\/div>\r\n<div class=\"candidate_box_sec\">\r\n<div class=\"row\">\r\n\r\n    \r\n                                \r\n                            <div class=\"col-xl-4 col-lg-6 col-md-12 col-sm-12 project\">\r\n                                <a href=\"https:\/\/uksw.edu.pl\/en\/?post_type=page&#038;p=65189\" class=\"project_box\">\r\n                                    <div class=\"candidate_box project_box\">\r\n                                        <div class=\"candidate_box_title\">What<\/div>\r\n                                                                                <div class=\"candidate_box_sub_title\">is HR Excellence in Research<\/div>\r\n                                                                                <img decoding=\"async\" src=\"https:\/\/uksw.edu.pl\/wp-content\/themes\/uksw\/images\/arrow_more1.svg\" alt=\"\">  \r\n                                    <\/div>\r\n                                <\/a>\r\n                            <\/div>\r\n                      \r\n                        \r\n                            \r\n                                \r\n                            <div class=\"col-xl-4 col-lg-6 col-md-12 col-sm-12 project\">\r\n                                <a href=\"https:\/\/uksw.edu.pl\/en\/?post_type=page&#038;p=65190\" class=\"project_box\">\r\n                                    <div class=\"candidate_box project_box\">\r\n                                        <div class=\"candidate_box_title\">Strategy<\/div>\r\n                                                                                <div class=\"candidate_box_sub_title\">and action plans<\/div>\r\n                                                                                <img decoding=\"async\" src=\"https:\/\/uksw.edu.pl\/wp-content\/themes\/uksw\/images\/arrow_more1.svg\" alt=\"\">  \r\n                                    <\/div>\r\n                                <\/a>\r\n                            <\/div>\r\n                      \r\n                        \r\n                            \r\n                                \r\n                            <div class=\"col-xl-4 col-lg-6 col-md-12 col-sm-12 project\">\r\n                                <a href=\"https:\/\/uksw.edu.pl\/en\/?post_type=page&#038;p=66368\" class=\"project_box\">\r\n                                    <div class=\"candidate_box project_box\">\r\n                                        <div class=\"candidate_box_title\">HRS4R<\/div>\r\n                                                                                <div class=\"candidate_box_sub_title\">action areas<\/div>\r\n                                                                                <img decoding=\"async\" src=\"https:\/\/uksw.edu.pl\/wp-content\/themes\/uksw\/images\/arrow_more1.svg\" alt=\"\">  \r\n                                    <\/div>\r\n                                <\/a>\r\n                            <\/div>\r\n                      \r\n                        \r\n                            \r\n                                \r\n                            <div class=\"col-xl-4 col-lg-6 col-md-12 col-sm-12 project\">\r\n                                <a href=\"https:\/\/uksw.edu.pl\/en\/?post_type=page&#038;p=66371\" class=\"project_box\">\r\n                                    <div class=\"candidate_box project_box\">\r\n                                        <div class=\"candidate_box_title\">HRS4R<\/div>\r\n                                                                                <div class=\"candidate_box_sub_title\">process (2016-2029)<\/div>\r\n                                                                                <img decoding=\"async\" src=\"https:\/\/uksw.edu.pl\/wp-content\/themes\/uksw\/images\/arrow_more1.svg\" alt=\"\">  \r\n                                    <\/div>\r\n                                <\/a>\r\n                            <\/div>\r\n                      \r\n                        \r\n                            \r\n                                \r\n                            <div class=\"col-xl-4 col-lg-6 col-md-12 col-sm-12 project\">\r\n                                <a href=\"https:\/\/uksw.edu.pl\/en\/?post_type=page&#038;p=65187\" class=\"project_box\">\r\n                                    <div class=\"candidate_box project_box\">\r\n                                        <div class=\"candidate_box_title\">OTM-R<\/div>\r\n                                                                                <div class=\"candidate_box_sub_title\">policy<\/div>\r\n                                                                                <img decoding=\"async\" src=\"https:\/\/uksw.edu.pl\/wp-content\/themes\/uksw\/images\/arrow_more1.svg\" alt=\"\">  \r\n                                    <\/div>\r\n                                <\/a>\r\n                            <\/div>\r\n                      \r\n                        \r\n                            \r\n                                \r\n                            <div class=\"col-xl-4 col-lg-6 col-md-12 col-sm-12 project\">\r\n                                <a href=\"https:\/\/uksw.edu.pl\/en\/?post_type=page&#038;p=65185\" class=\"project_box\">\r\n                                    <div class=\"candidate_box project_box\">\r\n                                        <div class=\"candidate_box_title\">UKSW<\/div>\r\n                                                                                <div class=\"candidate_box_sub_title\">HRS4R Team<\/div>\r\n                                                                                <img decoding=\"async\" src=\"https:\/\/uksw.edu.pl\/wp-content\/themes\/uksw\/images\/arrow_more1.svg\" alt=\"\">  \r\n                                    <\/div>\r\n                                <\/a>\r\n                            <\/div>\r\n                      \r\n                        \r\n                            \r\n                                \r\n                            <div class=\"col-xl-4 col-lg-6 col-md-12 col-sm-12 project\">\r\n                                <a href=\"https:\/\/uksw.edu.pl\/en\/?post_type=page&#038;p=66378\" class=\"project_box\">\r\n                                    <div class=\"candidate_box project_box\">\r\n                                        <div class=\"candidate_box_title\">Key<\/div>\r\n                                                                                <div class=\"candidate_box_sub_title\">legal regulations<\/div>\r\n                                                                                <img decoding=\"async\" src=\"https:\/\/uksw.edu.pl\/wp-content\/themes\/uksw\/images\/arrow_more1.svg\" alt=\"\">  \r\n                                    <\/div>\r\n                                <\/a>\r\n                            <\/div>\r\n                      \r\n                        \r\n                            \r\n                                \r\n                            <div class=\"col-xl-4 col-lg-6 col-md-12 col-sm-12 project\">\r\n                                <a href=\"https:\/\/uksw.edu.pl\/en\/?post_type=page&#038;p=65176\" class=\"project_box\">\r\n                                    <div class=\"candidate_box project_box\">\r\n                                        <div class=\"candidate_box_title\">HReporter<\/div>\r\n                                                                                <div class=\"candidate_box_sub_title\">UKSW &#8211; News<\/div>\r\n                                                                                <img decoding=\"async\" src=\"https:\/\/uksw.edu.pl\/wp-content\/themes\/uksw\/images\/arrow_more1.svg\" alt=\"\">  \r\n                                    <\/div>\r\n                                <\/a>\r\n                            <\/div>\r\n                      \r\n                        \r\n                            \r\n                                \r\n                            <div class=\"col-xl-4 col-lg-6 col-md-12 col-sm-12 project\">\r\n                                <a href=\"https:\/\/uksw.edu.pl\/en\/?post_type=page&#038;p=65183\" class=\"project_box\">\r\n                                    <div class=\"candidate_box project_box\">\r\n                                        <div class=\"candidate_box_title\">WEBINAR<\/div>\r\n                                                                                <div class=\"candidate_box_sub_title\">Library<\/div>\r\n                                                                                <img decoding=\"async\" src=\"https:\/\/uksw.edu.pl\/wp-content\/themes\/uksw\/images\/arrow_more1.svg\" alt=\"\">  \r\n                                    <\/div>\r\n                                <\/a>\r\n                            <\/div>\r\n                      \r\n                        \r\n                            \r\n                                \r\n                            <div class=\"col-xl-4 col-lg-6 col-md-12 col-sm-12 project\">\r\n                                <a href=\"https:\/\/uksw.edu.pl\/en\/?post_type=page&#038;p=66383\" class=\"project_box\">\r\n                                    <div class=\"candidate_box project_box\">\r\n                                        <div class=\"candidate_box_title\">Contact<\/div>\r\n                                                                                <div class=\"candidate_box_sub_title\">details<\/div>\r\n                                                                                <img decoding=\"async\" src=\"https:\/\/uksw.edu.pl\/wp-content\/themes\/uksw\/images\/arrow_more1.svg\" alt=\"\">  \r\n                                    <\/div>\r\n                                <\/a>\r\n                            <\/div>\r\n                      \r\n                        \r\n                            <\/div>\r\n<\/div>\r\n\r\n<\/div>","protected":false},"excerpt":{"rendered":"","protected":false},"author":1,"featured_media":15306,"parent":21757,"menu_order":11,"comment_status":"closed","ping_status":"closed","template":"page-templates\/template-sub-page.php","meta":{"_acf_changed":false,"inline_featured_image":false,"footnotes":"","_links_to":"","_links_to_target":""},"class_list":["post-21706","page","type-page","status-publish","has-post-thumbnail","hentry"],"acf":[],"_links":{"self":[{"href":"https:\/\/uksw.edu.pl\/en\/wp-json\/wp\/v2\/pages\/21706","targetHints":{"allow":["GET"]}}],"collection":[{"href":"https:\/\/uksw.edu.pl\/en\/wp-json\/wp\/v2\/pages"}],"about":[{"href":"https:\/\/uksw.edu.pl\/en\/wp-json\/wp\/v2\/types\/page"}],"author":[{"embeddable":true,"href":"https:\/\/uksw.edu.pl\/en\/wp-json\/wp\/v2\/users\/1"}],"replies":[{"embeddable":true,"href":"https:\/\/uksw.edu.pl\/en\/wp-json\/wp\/v2\/comments?post=21706"}],"version-history":[{"count":9,"href":"https:\/\/uksw.edu.pl\/en\/wp-json\/wp\/v2\/pages\/21706\/revisions"}],"predecessor-version":[{"id":66401,"href":"https:\/\/uksw.edu.pl\/en\/wp-json\/wp\/v2\/pages\/21706\/revisions\/66401"}],"up":[{"embeddable":true,"href":"https:\/\/uksw.edu.pl\/en\/wp-json\/wp\/v2\/pages\/21757"}],"wp:featuredmedia":[{"embeddable":true,"href":"https:\/\/uksw.edu.pl\/en\/wp-json\/wp\/v2\/media\/15306"}],"wp:attachment":[{"href":"https:\/\/uksw.edu.pl\/en\/wp-json\/wp\/v2\/media?parent=21706"}],"curies":[{"name":"wp","href":"https:\/\/api.w.org\/{rel}","templated":true}]}}