{"id":21729,"date":"2022-08-17T12:58:53","date_gmt":"2022-08-17T11:58:53","guid":{"rendered":"https:\/\/uksw.edu.pl\/instytut-nauk-o-kulturze-i-religii\/"},"modified":"2025-02-28T12:43:16","modified_gmt":"2025-02-28T11:43:16","slug":"institute-of-culture-and-religious-sciences","status":"publish","type":"page","link":"https:\/\/uksw.edu.pl\/en\/science\/center-and-institutes\/institute-of-culture-and-religious-sciences\/","title":{"rendered":"Institute of Culture and Religious Sciences"},"content":{"rendered":"\n<h2 class=\"wp-block-heading\">Established in 2019, the Institute of Culture and Religious Sciences is the successor of the Institute of Classical Philology and Cultural Studies at UKSW.<\/h2>\n\n\n\n<p>The Institute conducts interdisciplinary research in the field of cultural studies, museology and culture management.<\/p>\n\n\n\n<p>The Institute consists of five departments: History of Culture and Museology, Culture of the 20th and 21st Centuries, Intersemiotic Poetics and Comparative Media Studies, Theory of Culture and Interculturality, and Cultural Management.<\/p>\n\n\n\n<p>Researchers conduct research on the culture-forming role of art and museums in the past and today. They also analyze changes and theory of culture, anthropology of history and culture, cultural communication, changes in customs and methodology of research on contemporary cultural phenomena.<\/p>\n\n\n\n<p>The main directions of research of the unit are also the poetics and semiotics of texts of contemporary culture, narrative strategies in artistic texts of culture, the aesthetics of the collective imagination, interdisciplinary categories of cultural studies, or intermedia relations, especially in the areas of literature, film, theater. UKSW cultural experts analyze the problems of adaptation, as well as the philosophy and theory of culture, the history of knowledge about culture and cultures, the history of concepts, the methodology of studying cultures and their interdisciplinarity, as well as the foundations of dialogue and its varieties.<\/p>\n\n\n\n<p>The Institute publishes the magazines &#8220;Zak\u0142ad Kulturoznawczy&#8221; and scientific series: \u201cBiblioteka Za\u0142\u0105cznika Kulturoznawczego\u201d, \u201cBiblioteka Kultury Polskiej \/ Projekt Przek\u0142adu Mi\u0119dzykulturowego\u201d, \u201cPrace Katedry Poetyki Intersemiotycznej i&nbsp;Komparystyki Medi\u00f3w\u201d, a&nbsp;tak\u017ce serie \u201cRzeczy Pi\u0119kne\u201d oraz&nbsp;\u201cW stron\u0119 mi\u0119dzykulturowo\u015bci\u201d.<\/p>\n\n\n\n<h3 class=\"wp-block-heading\">Contact<\/h3>\n\n\n\r\n<div class=\"\">\r\n\r\n<div class=\"row\">\r\n\r\n  \r\n\r\n\r\n     <div class=\"col-xl-6 col-lg-6 col-md-12 col-sm-12 project\">\r\n\t\t\t<div class=\"contact_box project_box\">\r\n\t\t\t<div class=\"headingh2\">Institute of Studies on Culture and Religion UKSW<\/div>\r\n\t\t\t<div class=\"headingh3\"><\/div><br>\r\n\r\n\r\n\t\t\t<p>Institute of Studies on Culture and Religion UKSW<\/p>\n<p>5 Dewajtis Street, New Building<\/p>\n<p>01-815 Warsaw<\/p>\n<p>FB page: <a href=\"https:\/\/www.facebook.com\/InstytutNoKiR\/\">@InstytutNoKiR<\/a><\/p>\n\t\t\t<\/div>\r\n    <\/div>\r\n\r\n\t\r\n\r\n\r\n     <div class=\"col-xl-6 col-lg-6 col-md-12 col-sm-12 project\">\r\n\t\t\t<div class=\"contact_box project_box\">\r\n\t\t\t<div class=\"headingh2\">Director<\/div>\r\n\t\t\t<div class=\"headingh3\"><\/div><br>\r\n\r\n\r\n\t\t\t<p>Professor Ma\u0142gorzata Wrze\u015bniak, PhD, DSc, Associate Professor<\/p>\n<p>e-mail: <a href=\"mailto:m.wrzesniak@uksw.edu.pl\">m.wrzesniak@uksw.edu.pl<\/a><\/p>\n\t\t\t<\/div>\r\n    <\/div>\r\n\r\n\t\r\n\t \r\n\r\n\r\n<\/div>\r\n  \r\n<\/div>\r\n","protected":false},"excerpt":{"rendered":"<p>Established in 2019, the Institute of Culture and Religious Sciences is the successor of the Institute of Classical Philology and Cultural Studies at UKSW. The Institute conducts interdisciplinary research in the field of cultural studies, museology and culture management. The Institute consists of five departments: History of Culture and Museology, Culture of the 20th and [&hellip;]<\/p>\n","protected":false},"author":1,"featured_media":9670,"parent":21731,"menu_order":19,"comment_status":"closed","ping_status":"closed","template":"page-templates\/template-sub-page.php","meta":{"_acf_changed":false,"inline_featured_image":false,"footnotes":"","_links_to":"","_links_to_target":""},"class_list":["post-21729","page","type-page","status-publish","has-post-thumbnail","hentry"],"acf":[],"_links":{"self":[{"href":"https:\/\/uksw.edu.pl\/en\/wp-json\/wp\/v2\/pages\/21729","targetHints":{"allow":["GET"]}}],"collection":[{"href":"https:\/\/uksw.edu.pl\/en\/wp-json\/wp\/v2\/pages"}],"about":[{"href":"https:\/\/uksw.edu.pl\/en\/wp-json\/wp\/v2\/types\/page"}],"author":[{"embeddable":true,"href":"https:\/\/uksw.edu.pl\/en\/wp-json\/wp\/v2\/users\/1"}],"replies":[{"embeddable":true,"href":"https:\/\/uksw.edu.pl\/en\/wp-json\/wp\/v2\/comments?post=21729"}],"version-history":[{"count":1,"href":"https:\/\/uksw.edu.pl\/en\/wp-json\/wp\/v2\/pages\/21729\/revisions"}],"predecessor-version":[{"id":51104,"href":"https:\/\/uksw.edu.pl\/en\/wp-json\/wp\/v2\/pages\/21729\/revisions\/51104"}],"up":[{"embeddable":true,"href":"https:\/\/uksw.edu.pl\/en\/wp-json\/wp\/v2\/pages\/21731"}],"wp:featuredmedia":[{"embeddable":true,"href":"https:\/\/uksw.edu.pl\/en\/wp-json\/wp\/v2\/media\/9670"}],"wp:attachment":[{"href":"https:\/\/uksw.edu.pl\/en\/wp-json\/wp\/v2\/media?parent=21729"}],"curies":[{"name":"wp","href":"https:\/\/api.w.org\/{rel}","templated":true}]}}