{"id":21739,"date":"2022-06-24T08:44:48","date_gmt":"2022-06-24T07:44:48","guid":{"rendered":"https:\/\/uksw.edu.pl\/fundacje\/fundacja-pro-polonia\/"},"modified":"2023-04-14T08:07:30","modified_gmt":"2023-04-14T07:07:30","slug":"pro-polonia-foundation","status":"publish","type":"page","link":"https:\/\/uksw.edu.pl\/en\/cooperation\/foundations\/pro-polonia-foundation\/","title":{"rendered":"Pro Polonia Foundation"},"content":{"rendered":"\n<p><strong>The <\/strong><a href=\"http:\/\/propolonia.uksw.edu.pl\/\"><strong><u><strong>Pro Polonia Foundation<\/strong><\/u><\/strong><\/a><strong>&nbsp;supports scientific research, including in the field of Polish diaspora issues, implements exchanges between the country and the Polish diaspora and Poles living in various parts of the world, and develops the educational ambitions of the Polish community and Poles.<\/strong><\/p>\n\n\n\n<p>\u2013\u202f Our goal is to develop broad cooperation among the Polish diaspora and Poles living abroad &#8211; from education, culture, through religion, economy, to sports or tourism. We support the integration of Polish communities abroad, as well as bilateral contacts: between Polish society, mainly young people, academic circles and the Polish diaspora and Poles living abroad \u2013 says about\u00a0the Pro Polonia Foundation, the rector of the UKSW, Rev. Prof. Richard Czekalski.<\/p>\n\n\n\n<p>The Foundation was established in October 2020, during the inauguration of the academic year, in the presence of the honorary patron, Cardinal Kazimierz Nycz, the Great Chancellor of Church Faculties of UKSW.<\/p>\n\n\n\n<ul class=\"wp-block-list\">\n<li>KRS 0000921382&nbsp;<\/li>\n\n\n\n<li>registered office: 5 Dewajtis Street, 01-815 Warsaw<\/li>\n\n\n\n<li>e-mail: <a href=\"mailto:t.budryk@uksw.edu.pl\"><strong>propolonia@uksw.edu.pl<\/strong><\/a>&nbsp;<\/li>\n<\/ul>\n\n\n\n<p>The President of the Management Board of the Foundation is Dr.&nbsp;Witold Rybczy\u0144ski, ambassador ad personam.<\/p>\n\n\n\n<p>The founders of the Foundation are: Rev. Prof. Ryszard Czekalski, Rector of UKSW, Piotr Bonis\u0142awski, President of the Board of the &#8220;Wsp\u00f3lnota Polska&#8221; Association and Andrzej Kra\u015bnicki, President of the Polish Olympic Committee.<\/p>\n\n\n\n<p>The general director of the Foundation is Dr. Igor Kilanowski.<\/p>\n\n\n\n<p>Composition of the Pro Polonia Foundation Council:<\/p>\n\n\n\n<ul class=\"wp-block-list\">\n<li>Prof.&nbsp;Henryk Skar\u017cy\u0144ski, M.D., multi d.h.c. \u2013 przewodnicz\u0105cy<\/li>\n\n\n\n<li>Dr. Anna Fidelus, UKSW professor<\/li>\n\n\n\n<li>Dr.&nbsp;Piotr Jednaszewski&nbsp;<\/li>\n\n\n\n<li>Robert Korzeniowski\u202f&nbsp;<\/li>\n\n\n\n<li>Prof.&nbsp;Marek Krawczyk, M.D.&nbsp;<\/li>\n\n\n\n<li>Bp.&nbsp;Dr.&nbsp;Wies\u0142aw Lechowicz&nbsp;<\/li>\n\n\n\n<li>Bp.&nbsp;Dr.&nbsp;Witold Mroziewski&nbsp;<\/li>\n\n\n\n<li>Tomasz R\u00f3\u017cniak\u202f&nbsp;<\/li>\n\n\n\n<li>Prof. Jan Wiktor Sienkiewicz&nbsp;<\/li>\n\n\n\n<li>Rev.&nbsp;Dr. W\u0142adys\u0142aw Wyszowadzki<\/li>\n<\/ul>\n","protected":false},"excerpt":{"rendered":"<p>The Pro Polonia Foundation&nbsp;supports scientific research, including in the field of Polish diaspora issues, implements exchanges between the country and the Polish diaspora and Poles living in various parts of the world, and develops the educational ambitions of the Polish community and Poles. \u2013\u202f Our goal is to develop broad cooperation among the Polish diaspora [&hellip;]<\/p>\n","protected":false},"author":1,"featured_media":9354,"parent":21708,"menu_order":1,"comment_status":"closed","ping_status":"closed","template":"page-templates\/template-sub-page.php","meta":{"_acf_changed":false,"inline_featured_image":false,"footnotes":"","_links_to":"","_links_to_target":""},"class_list":["post-21739","page","type-page","status-publish","has-post-thumbnail","hentry"],"acf":[],"_links":{"self":[{"href":"https:\/\/uksw.edu.pl\/en\/wp-json\/wp\/v2\/pages\/21739","targetHints":{"allow":["GET"]}}],"collection":[{"href":"https:\/\/uksw.edu.pl\/en\/wp-json\/wp\/v2\/pages"}],"about":[{"href":"https:\/\/uksw.edu.pl\/en\/wp-json\/wp\/v2\/types\/page"}],"author":[{"embeddable":true,"href":"https:\/\/uksw.edu.pl\/en\/wp-json\/wp\/v2\/users\/1"}],"replies":[{"embeddable":true,"href":"https:\/\/uksw.edu.pl\/en\/wp-json\/wp\/v2\/comments?post=21739"}],"version-history":[{"count":4,"href":"https:\/\/uksw.edu.pl\/en\/wp-json\/wp\/v2\/pages\/21739\/revisions"}],"predecessor-version":[{"id":26478,"href":"https:\/\/uksw.edu.pl\/en\/wp-json\/wp\/v2\/pages\/21739\/revisions\/26478"}],"up":[{"embeddable":true,"href":"https:\/\/uksw.edu.pl\/en\/wp-json\/wp\/v2\/pages\/21708"}],"wp:featuredmedia":[{"embeddable":true,"href":"https:\/\/uksw.edu.pl\/en\/wp-json\/wp\/v2\/media\/9354"}],"wp:attachment":[{"href":"https:\/\/uksw.edu.pl\/en\/wp-json\/wp\/v2\/media?parent=21739"}],"curies":[{"name":"wp","href":"https:\/\/api.w.org\/{rel}","templated":true}]}}