{"id":21743,"date":"2022-06-24T08:44:26","date_gmt":"2022-06-24T07:44:26","guid":{"rendered":"https:\/\/uksw.edu.pl\/fundacje\/fundacja-rozwoju-uksw\/"},"modified":"2023-04-14T08:04:05","modified_gmt":"2023-04-14T07:04:05","slug":"uksw-development-foundation","status":"publish","type":"page","link":"https:\/\/uksw.edu.pl\/en\/cooperation\/foundations\/uksw-development-foundation\/","title":{"rendered":"UKSW Development Foundation"},"content":{"rendered":"\n<p><strong>The goal of the UKSW Development Foundation is to support the development of the scientific staff, support the scientific initiatives of the University employees and support and organize activities that promote the University. The Foundation collects funds for the maintenance, development and implementation of the statutory tasks of the University.<\/strong><\/p>\n\n\n\n<p>In order to achieve its goals, the <a href=\"http:\/\/www.fundacjauksw.edu.pl\/\"><u>UKSW Development Foundation<\/u><\/a>&nbsp;may conduct business activity, also outside Poland. The Foundation may accept donations, bequests, inheritances, subsidies, including from abroad, and benefits provided by business entities, as well as conclude life annuity contracts.<\/p>\n\n\n\n<ul class=\"wp-block-list\">\n<li>NR&nbsp;KRS 0000682266&nbsp;<\/li>\n\n\n\n<li>registered office: 5 Dewajtis Street, 01-815 Warsaw<\/li>\n\n\n\n<li>e-mail: <a href=\"mailto:fundacja@uksw.edu.pl\"><strong><u><strong>fundacja@uksw.edu.pl<\/strong><\/u><\/strong><\/a><strong>&nbsp;<\/strong><\/li>\n\n\n\n<li>Phone: <a href=\"tel:502 670 337\"><strong><u><strong>502&nbsp;670&nbsp;337<\/strong><\/u><\/strong><\/a><strong>&nbsp;<\/strong><\/li>\n<\/ul>\n\n\n\n<p>President of the Board of the Foundation: Rev. Dr.\u00a0Zenon Hanas<\/p>\n\n\n\n<p>Foundation Board: Dr.&nbsp;Igor Kilanowski, Prof. Marek Michalski, Anna Ko\u0142cz, Ma\u0142gorzata Wojtczak, Ewa Staruch<\/p>\n\n\n\n<p>Founders:<\/p>\n\n\n\n<ul class=\"wp-block-list\">\n<li>Rev. Prof. Ryszard Czekalski, Rector of UKSW<\/li>\n\n\n\n<li>Dr. Anna Fidelus, UKSW professor, vice-rector for student affairs and education at UKSW<\/li>\n\n\n\n<li>Rev. Dr. Maciej Ba\u0142a, UKSW professor<\/li>\n\n\n\n<li>Karolina B\u0142aszczyk&nbsp;<\/li>\n\n\n\n<li>Dariusz Chustecki&nbsp;<\/li>\n\n\n\n<li>Prof. Jerzy Cytowski&nbsp;<\/li>\n\n\n\n<li>Rev. Prof. Stanis\u0142aw Dzieko\u0144ski\u00a0<\/li>\n\n\n\n<li>Anna G\u00f3rka&nbsp;<\/li>\n\n\n\n<li>Dr. Gra\u017cyna Gromadzka, UKSW professor<\/li>\n\n\n\n<li>Rev.\u00a0Dr.\u00a0Zenon Hanas<\/li>\n\n\n\n<li>Mateusz Izydorek vel Zydorek&nbsp;<\/li>\n\n\n\n<li>Dr. Dorota Kielak, UKSW professor<\/li>\n\n\n\n<li>Rev.\u00a0Prof. Wies\u0142aw Kiwior<\/li>\n\n\n\n<li>Marek Konieczny<\/li>\n\n\n\n<li>Anna Ko\u0142cz<\/li>\n\n\n\n<li>Ma\u0142gorzata Koz\u0142owska<\/li>\n\n\n\n<li>Rev.\u00a0Prof. Janusz Kr\u0119cid\u0142o<\/li>\n\n\n\n<li>Prof. Anna Latawiec<\/li>\n\n\n\n<li>Dr. Katarzyna Materska, UKSW professor&nbsp;<\/li>\n\n\n\n<li>Rev.\u00a0Dr. Andrzej Najda, UKSW professor\u00a0<\/li>\n\n\n\n<li>Rev.\u00a0Dr. Jan Niew\u0119g\u0142owski, UKSW professor\u00a0\u00a0<\/li>\n\n\n\n<li>Kaja Niewiadomska&nbsp;<\/li>\n\n\n\n<li>Rev.\u00a0Prof. Mieczys\u0142aw Ozorowski\u00a0<\/li>\n\n\n\n<li>Prof. Kazimierz Paw\u0142owski&nbsp;<\/li>\n\n\n\n<li>Dr. Jerzy Romanowski, UKSW professor&nbsp;<\/li>\n\n\n\n<li>Maciej Sawczuk&nbsp;<\/li>\n\n\n\n<li>\u0141ukasz S\u0142o\u0144czewski&nbsp;<\/li>\n\n\n\n<li>El\u017cbieta Sobczak&nbsp;<\/li>\n\n\n\n<li>Prof. Jerzy Stochmia\u0142ek<\/li>\n\n\n\n<li>Dr.&nbsp;Aleksandra Syryt&nbsp;<\/li>\n\n\n\n<li>Mariusz Wielec&nbsp;<\/li>\n\n\n\n<li>Prof. Magdalena Za\u0142uska-Kotur&nbsp;<\/li>\n<\/ul>\n","protected":false},"excerpt":{"rendered":"<p>The goal of the UKSW Development Foundation is to support the development of the scientific staff, support the scientific initiatives of the University employees and support and organize activities that promote the University. The Foundation collects funds for the maintenance, development and implementation of the statutory tasks of the University. In order to achieve its [&hellip;]<\/p>\n","protected":false},"author":1,"featured_media":11244,"parent":21708,"menu_order":2,"comment_status":"closed","ping_status":"closed","template":"page-templates\/template-sub-page.php","meta":{"_acf_changed":false,"inline_featured_image":false,"footnotes":"","_links_to":"","_links_to_target":""},"class_list":["post-21743","page","type-page","status-publish","has-post-thumbnail","hentry"],"acf":[],"_links":{"self":[{"href":"https:\/\/uksw.edu.pl\/en\/wp-json\/wp\/v2\/pages\/21743","targetHints":{"allow":["GET"]}}],"collection":[{"href":"https:\/\/uksw.edu.pl\/en\/wp-json\/wp\/v2\/pages"}],"about":[{"href":"https:\/\/uksw.edu.pl\/en\/wp-json\/wp\/v2\/types\/page"}],"author":[{"embeddable":true,"href":"https:\/\/uksw.edu.pl\/en\/wp-json\/wp\/v2\/users\/1"}],"replies":[{"embeddable":true,"href":"https:\/\/uksw.edu.pl\/en\/wp-json\/wp\/v2\/comments?post=21743"}],"version-history":[{"count":2,"href":"https:\/\/uksw.edu.pl\/en\/wp-json\/wp\/v2\/pages\/21743\/revisions"}],"predecessor-version":[{"id":26469,"href":"https:\/\/uksw.edu.pl\/en\/wp-json\/wp\/v2\/pages\/21743\/revisions\/26469"}],"up":[{"embeddable":true,"href":"https:\/\/uksw.edu.pl\/en\/wp-json\/wp\/v2\/pages\/21708"}],"wp:featuredmedia":[{"embeddable":true,"href":"https:\/\/uksw.edu.pl\/en\/wp-json\/wp\/v2\/media\/11244"}],"wp:attachment":[{"href":"https:\/\/uksw.edu.pl\/en\/wp-json\/wp\/v2\/media?parent=21743"}],"curies":[{"name":"wp","href":"https:\/\/api.w.org\/{rel}","templated":true}]}}