{"id":21794,"date":"2022-06-04T07:37:46","date_gmt":"2022-06-04T06:37:46","guid":{"rendered":"https:\/\/uksw.edu.pl\/wspolpraca\/wspolpraca-naukowa\/"},"modified":"2024-02-02T12:35:18","modified_gmt":"2024-02-02T11:35:18","slug":"international-cooperation","status":"publish","type":"page","link":"https:\/\/uksw.edu.pl\/en\/cooperation\/international-cooperation\/","title":{"rendered":"International cooperation"},"content":{"rendered":"\n<h2 class=\"wp-block-heading\"><strong>International partner institutions<\/strong><\/h2>\n\n\n\n<p>One of the UKSW priorities is to tighten and develop cooperation with the world&#8217;s leading scientific units and to strengthen its position among European scientific institutions. By 2021, UKSW has concluded 96 bilateral agreements with partner institutions from around the world, e.g. from Australia, Austria, Belgium, Bulgaria, Chile, Croatia, Czech Republic, France, Greece, Spain, Netherlands, Luxembourg, Germany, Norway, Portugal, Russia, Romania, Slovakia, Slovenia, United States, Sweden, Ukraine, Hungary, Great Britain and Italy.<\/p>\n\n\n\n<h2 class=\"wp-block-heading\"><strong>Erasmus programme<\/strong><\/h2>\n\n\n\n<p>Students and employees can go to over 300 European universities. During their stay in foreign scientific institutions, <a href=\"https:\/\/dwm.uksw.edu.pl\/index.php?option=com_content&amp;view=article&amp;id=527&amp;Itemid=203\"><u>programme<\/u><\/a>&nbsp;participants broaden their knowledge and acquire new skills. Every year, several dozen academic teachers go on research stays in foreign partner centers. Every year, the University hosts professors from leading European universities who conduct classes.<\/p>\n\n\n\n<p>The Erasmus program also covers university administration employees who expand their knowledge and professional competences by participating in training courses and workshops organized by foreign institutions, e.g.&nbsp;in Latvia, Spain, Portugal, Belgium, Italy, Great Britain, France and the Czech Republic. It is also an opportunity to exchange experiences and good practices used at other universities.<\/p>\n\n\n\n<h2 class=\"wp-block-heading\"><strong>Foreign Scholarships<\/strong><\/h2>\n\n\n\n<p>UKSW students can apply for scholarships offered by foreign institutions. Thanks to them, they can study abroad, conduct interesting research and scientific projects.<\/p>\n\n\n\n<p>Foreign scholarship programs for UKSW students:<\/p>\n\n\n\n<ul class=\"wp-block-list\">\n<li>programs and scholarships of the Polish National Agency for Academic Exchange,<\/li>\n\n\n\n<li>CEEPUS program (Central European Exchange Program For University Studies),<\/li>\n\n\n\n<li>Sciex-NMSch scholarship fund,<\/li>\n\n\n\n<li>The Kosciuszko Foundation Grants,<\/li>\n\n\n\n<li>Fullbright-Schuman scholarship program,<\/li>\n\n\n\n<li>J\u00f3zef Tischner Fellowships for Polish and Polish-American Scholars,<\/li>\n\n\n\n<li>International Parliamentary Scholarship of the German Bundestag,<\/li>\n\n\n\n<li>DAAD program \u2013 German Academic Exchange Service,<\/li>\n\n\n\n<li>Central European Exchange Program for University Studies,<\/li>\n\n\n\n<li>Deutscher Akademischer Austauschdienst program,<\/li>\n\n\n\n<li>GFPS scholarship &#8211; semester in Germany,<\/li>\n\n\n\n<li>French government scholarships.<\/li>\n<\/ul>\n\n\n\n<h2 class=\"wp-block-heading\"><strong>International associations<\/strong><\/h2>\n\n\n\n<p>NOur University belongs to European and international associations promoting higher education and cooperation between member universities.<\/p>\n\n\n\n<p>The associations to which UKSW belongs include:<\/p>\n\n\n\n<ul class=\"wp-block-list\">\n<li>FUCE \u2013 F\u00e9d\u00e9ration des Universit\u00e9s Catholiques Europ\u00e9ennes \u2013 a network of Catholic European universities created under the F\u00e9d\u00e9ration Internationale des Universit\u00e9s Catholiques.&nbsp;<\/li>\n\n\n\n<li>FIUC \u2013 F\u00e9d\u00e9ration Internationale des Universit\u00e9s Catholiques \u2013 an international association of Catholic universities and institutions of higher education, approved by the Holy See in 1949 and recognized as an International Non-Governmental Organization by the United Nations System.<\/li>\n<\/ul>\n\n\n\n<h2 class=\"wp-block-heading\"><strong>Courses and studies abroad<\/strong><\/h2>\n\n\n\n<p>UKSW students have the opportunity to take advantage of a wide range of <a href=\"https:\/\/dwm.uksw.edu.pl\/en\/stypendia-zagraniczne\/\" data-type=\"link\" data-id=\"https:\/\/dwm.uksw.edu.pl\/en\/stypendia-zagraniczne\/\"><u>courses and studies abroad<\/u><\/a>, thanks to which they improve their competences and broaden their knowledge.<\/p>\n\n\n\n<p>Among them are:<\/p>\n\n\n\n<ul class=\"wp-block-list\">\n<li>Polish-German Tandem,<\/li>\n\n\n\n<li>Freie Universitaet Berlin,<\/li>\n\n\n\n<li>Summer Abroad in Northern France,<\/li>\n\n\n\n<li>Postgraduate studies at the College of Europe,<\/li>\n\n\n\n<li>Master Christianity and Society,<\/li>\n\n\n\n<li>Courses at the University of Oxford,<\/li>\n\n\n\n<li>Training at&nbsp;Academia Presentation Center.<\/li>\n<\/ul>\n\n\n\n<p>Detailed information can be found on the website of the <a href=\"https:\/\/dwm.uksw.edu.pl\/en\/\" data-type=\"link\" data-id=\"https:\/\/dwm.uksw.edu.pl\/en\/\"><u>International Cooperation Department<\/u><\/a>.<\/p>\n","protected":false},"excerpt":{"rendered":"<p>International partner institutions One of the UKSW priorities is to tighten and develop cooperation with the world&#8217;s leading scientific units and to strengthen its position among European scientific institutions. By 2021, UKSW has concluded 96 bilateral agreements with partner institutions from around the world, e.g. from Australia, Austria, Belgium, Bulgaria, Chile, Croatia, Czech Republic, France, [&hellip;]<\/p>\n","protected":false},"author":1,"featured_media":9344,"parent":21752,"menu_order":1,"comment_status":"closed","ping_status":"closed","template":"page-templates\/template-sub-page.php","meta":{"_acf_changed":false,"inline_featured_image":false,"footnotes":"","_links_to":"","_links_to_target":""},"class_list":["post-21794","page","type-page","status-publish","has-post-thumbnail","hentry"],"acf":[],"_links":{"self":[{"href":"https:\/\/uksw.edu.pl\/en\/wp-json\/wp\/v2\/pages\/21794","targetHints":{"allow":["GET"]}}],"collection":[{"href":"https:\/\/uksw.edu.pl\/en\/wp-json\/wp\/v2\/pages"}],"about":[{"href":"https:\/\/uksw.edu.pl\/en\/wp-json\/wp\/v2\/types\/page"}],"author":[{"embeddable":true,"href":"https:\/\/uksw.edu.pl\/en\/wp-json\/wp\/v2\/users\/1"}],"replies":[{"embeddable":true,"href":"https:\/\/uksw.edu.pl\/en\/wp-json\/wp\/v2\/comments?post=21794"}],"version-history":[{"count":1,"href":"https:\/\/uksw.edu.pl\/en\/wp-json\/wp\/v2\/pages\/21794\/revisions"}],"predecessor-version":[{"id":36896,"href":"https:\/\/uksw.edu.pl\/en\/wp-json\/wp\/v2\/pages\/21794\/revisions\/36896"}],"up":[{"embeddable":true,"href":"https:\/\/uksw.edu.pl\/en\/wp-json\/wp\/v2\/pages\/21752"}],"wp:featuredmedia":[{"embeddable":true,"href":"https:\/\/uksw.edu.pl\/en\/wp-json\/wp\/v2\/media\/9344"}],"wp:attachment":[{"href":"https:\/\/uksw.edu.pl\/en\/wp-json\/wp\/v2\/media?parent=21794"}],"curies":[{"name":"wp","href":"https:\/\/api.w.org\/{rel}","templated":true}]}}