{"id":22438,"date":"2022-08-16T12:56:05","date_gmt":"2022-08-16T11:56:05","guid":{"rendered":"https:\/\/uksw.edu.pl\/uniwersytet\/wladze-uczelni\/rada-uczelni\/"},"modified":"2025-01-20T15:11:52","modified_gmt":"2025-01-20T14:11:52","slug":"university-council","status":"publish","type":"page","link":"https:\/\/uksw.edu.pl\/en\/university\/university-authorities\/university-council\/","title":{"rendered":"University Council"},"content":{"rendered":"\n<h2 class=\"wp-block-heading\">Chairman<\/h2>\n\n\n\n<p><\/p>\n\n\n\n<h2 class=\"wp-block-heading\">Members<\/h2>\n\n\n\n<p>Lawyer Micha\u0142 Doma\u0144ski<\/p>\n\n\n\n<p>Professor Ma\u0142gorzata Wszelaka-Rylik, PhD, Dsc, Associate Professor<\/p>\n\n\n\n<p>Professor Barbara Strza\u0142kowska, PhD, Dsc, Associate Professor<\/p>\n\n\n\n<p>Professor  Bronis\u0142aw Sitek, PhD, Dsc.<\/p>\n\n\n\n<p>Bishop Witold Mroziewski, PhD<\/p>\n\n\n\n<p>Piotr Jednaszewski, PhD<\/p>\n\n\n\n<p>Wiktoria Zwoli\u0144ska<\/p>\n\n\n\n<h3 class=\"wp-block-heading\">In accordance with the Law on Higher Education and Science (Journal of Laws of 2020, item 85, as amended), the tasks of the University Council include:<\/h3>\n\n\n\n<ul class=\"wp-block-list\">\n<li>giving opinions on the draft strategy of the University,<\/li>\n\n\n\n<li>giving opinions on draft statutes,<\/li>\n\n\n\n<li>monitoring the financial management of the university (including giving opinions on the material and financial plan, approving the report on the implementation of the material and financial plan, approving the financial statement),<\/li>\n\n\n\n<li>monitoring of the management of the university,<\/li>\n\n\n\n<li>nominating candidates for the Rector, after the Senate has given its opinion,<\/li>\n\n\n\n<li>giving opinions on the report on the implementation of the university&#8217;s strategy,<\/li>\n\n\n\n<li>performing other tasks specified in the statute.<\/li>\n<\/ul>\n","protected":false},"excerpt":{"rendered":"<p>Chairman Members Lawyer Micha\u0142 Doma\u0144ski Professor Ma\u0142gorzata Wszelaka-Rylik, PhD, Dsc, Associate Professor Professor Barbara Strza\u0142kowska, PhD, Dsc, Associate Professor Professor Bronis\u0142aw Sitek, PhD, Dsc. Bishop Witold Mroziewski, PhD Piotr Jednaszewski, PhD Wiktoria Zwoli\u0144ska In accordance with the Law on Higher Education and Science (Journal of Laws of 2020, item 85, as amended), the tasks of [&hellip;]<\/p>\n","protected":false},"author":1,"featured_media":0,"parent":21769,"menu_order":8,"comment_status":"closed","ping_status":"closed","template":"page-templates\/template-sub-page.php","meta":{"_acf_changed":false,"inline_featured_image":false,"footnotes":"","_links_to":"","_links_to_target":""},"class_list":["post-22438","page","type-page","status-publish","hentry"],"acf":[],"_links":{"self":[{"href":"https:\/\/uksw.edu.pl\/en\/wp-json\/wp\/v2\/pages\/22438","targetHints":{"allow":["GET"]}}],"collection":[{"href":"https:\/\/uksw.edu.pl\/en\/wp-json\/wp\/v2\/pages"}],"about":[{"href":"https:\/\/uksw.edu.pl\/en\/wp-json\/wp\/v2\/types\/page"}],"author":[{"embeddable":true,"href":"https:\/\/uksw.edu.pl\/en\/wp-json\/wp\/v2\/users\/1"}],"replies":[{"embeddable":true,"href":"https:\/\/uksw.edu.pl\/en\/wp-json\/wp\/v2\/comments?post=22438"}],"version-history":[{"count":4,"href":"https:\/\/uksw.edu.pl\/en\/wp-json\/wp\/v2\/pages\/22438\/revisions"}],"predecessor-version":[{"id":49984,"href":"https:\/\/uksw.edu.pl\/en\/wp-json\/wp\/v2\/pages\/22438\/revisions\/49984"}],"up":[{"embeddable":true,"href":"https:\/\/uksw.edu.pl\/en\/wp-json\/wp\/v2\/pages\/21769"}],"wp:attachment":[{"href":"https:\/\/uksw.edu.pl\/en\/wp-json\/wp\/v2\/media?parent=22438"}],"curies":[{"name":"wp","href":"https:\/\/api.w.org\/{rel}","templated":true}]}}