{"id":49419,"date":"2024-12-23T16:16:25","date_gmt":"2024-12-23T15:16:25","guid":{"rendered":"https:\/\/uksw.edu.pl\/?page_id=49419"},"modified":"2024-12-23T16:16:28","modified_gmt":"2024-12-23T15:16:28","slug":"international-students-about-us","status":"publish","type":"page","link":"https:\/\/uksw.edu.pl\/en\/students\/international-students-about-us\/","title":{"rendered":"International Students About Us"},"content":{"rendered":"<div class=\"\">\n\n        <div class=\"news_sec\">\n                <div class=\"container\"> \n                        <div class=\"row\">\n                                <div class=\"col-xl-10 col-lg-10 col-md-9 col-sm-12\">\n                                        <div class=\"heading_bg_in1\">\n                                        <h2> International Students About Us<\/h2>\n                                        <\/div>\n                                <\/div>\n                                <div class=\"col-xl-2 col-lg-2 col-md-3 col-sm-12\">\n                                                                    <\/div>\n                        <\/div>\n\n\n                        <div class=\"news\">\n                        \n                                <button class=\"news_arrow_left\" title=\"Poprzedni slajd\" > <img decoding=\"async\" src=\"https:\/\/uksw.edu.pl\/wp-content\/themes\/uksw\/images\/grey_arrow.svg\" class=\"am-prev pointer\"  alt=\"\"><\/button>\n\n\n                                    <div class=\"owl-carousel owl-2\">\n\n                                                                              <a href=\"https:\/\/uksw.edu.pl\/en\/?post_type=post&#038;p=50202\">\n                                            <div class=\"media-29101\">\n                                                    <div class=\"image_container\">\n                                                        <img decoding=\"async\" src=\"https:\/\/uksw.edu.pl\/wp-content\/uploads\/2025\/01\/image007-507x388.jpg\" alt=\"\"  class=\"image\">\n                                                        <div class=\"overlay\">\n                                                            <div class=\"text\">\n                                                                    <div class=\"text1\">Alexandra &#8220;Alexandru Ioan Cuza&#8221; University of Ia\u0219i&#8230;<\/div>\n                                                                    <div class=\"text2\"> I started studying in UKSW in the winter semester of 2021\/22 during my bachelor&#8230;<\/div>\n                                                            <\/div>\n                                                        <\/div>\n                                                    <\/div>\n                                            <\/div>\n                                        <\/a>\n\n                                                                                  <a href=\"https:\/\/uksw.edu.pl\/en\/?post_type=post&#038;p=49432\">\n                                            <div class=\"media-29101\">\n                                                    <div class=\"image_container\">\n                                                        <img decoding=\"async\" src=\"https:\/\/uksw.edu.pl\/wp-content\/uploads\/2024\/11\/MERVENUR-TURCJA-1-507x388.jpg\" alt=\"\"  class=\"image\">\n                                                        <div class=\"overlay\">\n                                                            <div class=\"text\">\n                                                                    <div class=\"text1\">MERVENUR \u2013 A\u011fr\u0131 ibrahim \u00c7e\u00e7en University (Turkey)<\/div>\n                                                                    <div class=\"text2\"> &#8220;Hello! I am Mervenur. I am studying classroom teaching at A\u011fr\u0131 ibrahim&#8230;<\/div>\n                                                            <\/div>\n                                                        <\/div>\n                                                    <\/div>\n                                            <\/div>\n                                        <\/a>\n\n                                                                                  <a href=\"https:\/\/uksw.edu.pl\/en\/?post_type=post&#038;p=49430\">\n                                            <div class=\"media-29101\">\n                                                    <div class=\"image_container\">\n                                                        <img decoding=\"async\" src=\"https:\/\/uksw.edu.pl\/wp-content\/uploads\/2024\/11\/Mariana-GIL-1-1-507x388.jpg\" alt=\"\"  class=\"image\">\n                                                        <div class=\"overlay\">\n                                                            <div class=\"text\">\n                                                                    <div class=\"text1\">MARIANA, University of Coimbra, Portugal\u00a0<\/div>\n                                                                    <div class=\"text2\"> &#8220;My name is Mariana. I participated in the Erasmus programme during the&#8230;<\/div>\n                                                            <\/div>\n                                                        <\/div>\n                                                    <\/div>\n                                            <\/div>\n                                        <\/a>\n\n                                                                                  <a href=\"https:\/\/uksw.edu.pl\/en\/?post_type=post&#038;p=49428\">\n                                            <div class=\"media-29101\">\n                                                    <div class=\"image_container\">\n                                                        <img decoding=\"async\" src=\"https:\/\/uksw.edu.pl\/wp-content\/uploads\/2025\/01\/Fevzi-507x388.jpg\" alt=\"\"  class=\"image\">\n                                                        <div class=\"overlay\">\n                                                            <div class=\"text\">\n                                                                    <div class=\"text1\">FEVZI, Bayburt University, Turkey<\/div>\n                                                                    <div class=\"text2\"> &#8220;My name is Fevzi from Bayburt University. I studied primary education&#8230;<\/div>\n                                                            <\/div>\n                                                        <\/div>\n                                                    <\/div>\n                                            <\/div>\n                                        <\/a>\n\n                                                                                  <a href=\"https:\/\/uksw.edu.pl\/en\/?post_type=post&#038;p=49426\">\n                                            <div class=\"media-29101\">\n                                                    <div class=\"image_container\">\n                                                        <img decoding=\"async\" src=\"https:\/\/uksw.edu.pl\/wp-content\/uploads\/2025\/01\/Adalet-507x388.jpg\" alt=\"\"  class=\"image\">\n                                                        <div class=\"overlay\">\n                                                            <div class=\"text\">\n                                                                    <div class=\"text1\">Adalet, Bayburt University, Turkey<\/div>\n                                                                    <div class=\"text2\"> I am Adalet ,a student in the Pre-School Teaching Department at Bayburt University&#8230;.<\/div>\n                                                            <\/div>\n                                                        <\/div>\n                                                    <\/div>\n                                            <\/div>\n                                        <\/a>\n\n                                                                                  <a href=\"https:\/\/uksw.edu.pl\/en\/?post_type=post&#038;p=49424\">\n                                            <div class=\"media-29101\">\n                                                    <div class=\"image_container\">\n                                                        <img decoding=\"async\" src=\"https:\/\/uksw.edu.pl\/wp-content\/uploads\/2024\/11\/SEVGI-DAMLA-KARACA-1-507x388.jpg\" alt=\"\"  class=\"image\">\n                                                        <div class=\"overlay\">\n                                                            <div class=\"text\">\n                                                                    <div class=\"text1\">SEVGI DAMLA, Bayburt University, Turkey<\/div>\n                                                                    <div class=\"text2\"> &#8220;I\u2019m Sevgi Damla from Bayburt University in Bayburt. I\u2019m majoring in education&#8230;<\/div>\n                                                            <\/div>\n                                                        <\/div>\n                                                    <\/div>\n                                            <\/div>\n                                        <\/a>\n\n                                        \n                                    <\/div>\n                                \n                                \n                            \n                                <button class=\"news_arrow_right\" title=\"Nast\u0119pny slajd\" tabindex=\"0\"> <img decoding=\"async\" src=\"https:\/\/uksw.edu.pl\/wp-content\/themes\/uksw\/images\/blue_arrow.svg\" class=\"pointer\"  alt=\"\"><\/button>\n                            \n                        <\/div>\n\n\n                <\/div>\n        <\/div>\n<\/div>\n\n","protected":false},"excerpt":{"rendered":"","protected":false},"author":28,"featured_media":0,"parent":21754,"menu_order":0,"comment_status":"closed","ping_status":"closed","template":"page-templates\/template-sub-page.php","meta":{"_acf_changed":false,"inline_featured_image":false,"footnotes":"","_links_to":"","_links_to_target":""},"class_list":["post-49419","page","type-page","status-publish","hentry"],"acf":[],"_links":{"self":[{"href":"https:\/\/uksw.edu.pl\/en\/wp-json\/wp\/v2\/pages\/49419","targetHints":{"allow":["GET"]}}],"collection":[{"href":"https:\/\/uksw.edu.pl\/en\/wp-json\/wp\/v2\/pages"}],"about":[{"href":"https:\/\/uksw.edu.pl\/en\/wp-json\/wp\/v2\/types\/page"}],"author":[{"embeddable":true,"href":"https:\/\/uksw.edu.pl\/en\/wp-json\/wp\/v2\/users\/28"}],"replies":[{"embeddable":true,"href":"https:\/\/uksw.edu.pl\/en\/wp-json\/wp\/v2\/comments?post=49419"}],"version-history":[{"count":3,"href":"https:\/\/uksw.edu.pl\/en\/wp-json\/wp\/v2\/pages\/49419\/revisions"}],"predecessor-version":[{"id":49423,"href":"https:\/\/uksw.edu.pl\/en\/wp-json\/wp\/v2\/pages\/49419\/revisions\/49423"}],"up":[{"embeddable":true,"href":"https:\/\/uksw.edu.pl\/en\/wp-json\/wp\/v2\/pages\/21754"}],"wp:attachment":[{"href":"https:\/\/uksw.edu.pl\/en\/wp-json\/wp\/v2\/media?parent=49419"}],"curies":[{"name":"wp","href":"https:\/\/api.w.org\/{rel}","templated":true}]}}