{"id":65185,"date":"2026-02-06T13:45:31","date_gmt":"2026-02-06T12:45:31","guid":{"rendered":"https:\/\/uksw.edu.pl\/science\/hr-excellence-in-research\/komitet-sterujacy-i-grupa-zadaniowa-hrs4r\/"},"modified":"2026-04-09T10:30:44","modified_gmt":"2026-04-09T09:30:44","slug":"komitet-sterujacy-i-grupa-zadaniowa-hrs4r","status":"publish","type":"page","link":"https:\/\/uksw.edu.pl\/en\/science\/hr-excellence-in-research\/komitet-sterujacy-i-grupa-zadaniowa-hrs4r\/","title":{"rendered":"UKSW HRS4R Team"},"content":{"rendered":"\n<h2 class=\"wp-block-heading\">UKSW HRS4R Team<\/h2>\n\n\n\n<p><strong>On 12 February 2025, new teams were established \u2013 the Steering Committee and the Working Group<\/strong> \u2013 tasked with reviewing, updating and implementing key human resources management processes in line with the principles of the European Charter for Researchers and the Code of Conduct for the Recruitment of Researchers, with the purpose of fostering a supportive, professional and development\u2011oriented working environment for academic staff.<\/p>\n\n\n\n<p><strong>Steering Committee Members:<\/strong><br>1) Rev. Marek Stok\u0142osa, PhD, Dsc, Vice-Rector for Human Resources and Projects \u2013 Team Chair<br>2) Anna Fidelus, PhD, DSc, Vice-Rector for Teaching and Student Affairs<br>3) Rev. Ryszard Sadowski, PhD, Dsc, Vice-Rector for Research and International Cooperation<br>4) Sebastian Sikorski, PhD, Dsc, Vice-Rector for Promotion and Cooperation with the Civic and Economic Environment<br>5) EngD. Krzysztof Dziedzic, Chancellor<br>6) Aleksandra Syryt, PhD, DSc, Rector\u2019s Plenipotentiary for Legislative and Legal Affairs<\/p>\n\n\n\n<p><strong>Working Group Members:<\/strong><br>1) Monika Zborowska, MA\u2013 Team Chair<br>2) Aleksandra Burek, PhD<br>3) Beata Karpiuk, MEng<br>4) Agnieszka Napierzy\u0144ska, MA<br>5) Jaros\u0142aw Rokita, MA<br>6) Beata Szewczyk, MSc<br>7) Mateusz Tutak, PhD<br>8) Piotr Urlich, MA<br>9) Aleksandra Zaj\u0105c, MA<br>10) Piotr Zakrzewski, PhD<\/p>\n\n\n\n<p>HRS4R Coordinator &#8211; Monika Zborowska, MA, m.zborowska@uksw.edu.pl<br>HRS4R Administrator (UKSW\u2013EC Communication) &#8211; Beata Szewczyk, MSc, b.szewczyk@uksw.edu.pl<\/p>\n\n\n\n<p><strong>Duties of the Steering Committee<\/strong>:<br>1) verifying<strong> <\/strong>the implementation of the Action Plan<strong> <\/strong>for the European Charter for Researchers and the Code of Conduct for the Recruitment of Researchers<br>2) identifying actions to be included in the Action Plan<br>3) setting the direction of the Working Group\u2019s activities<br>4)<strong> <\/strong>reviewing HR strategy ideas and materials prepared by the Working Group<br>5) monitoring the progress of agreed actions<br>6) preparing the Action Plan for the next three years.<br><br><strong>Duties of the Working Group<\/strong>:<br>1) presentation of conclusions and recommendations from the analysis of the current situation based on the Action Plan and OTM-R checklists<br>2) presentation of detailed proposals for the implementation of the principles and actions arising from the European Charter for Researchers and the Code of Conduct for the recruitment of researchers, as well as the OTM\u2011R checklist.<br>3) development and conduct of surveys among academic teachers and doctoral candidates at UKSW<br>4) preparing presentations, internal regulations, analyses, summaries, and reports<br>5) designing a concept for promoting the strategy through the UKSW website.<\/p>\n\n\n\n<p><strong>UKSW Rector&#8217;s decisions on appointments and changes of the above mentioned teams:<\/strong><br><a href=\"https:\/\/monitor.uksw.edu.pl\/docs\/8161\">Decision No. 24\/2025 of the Rector of UKSW of February 12, 2025<\/a> <br><a href=\"https:\/\/monitor.uksw.edu.pl\/docs\/3752\">Decision No. 17\/2017 of the Rector of UKSW of December 13, 2017<\/a> <br><a href=\"https:\/\/monitor.uksw.edu.pl\/docs\/2956\">Decision No. 24\/2016 of the Rector of UKSW of October 14, 2016<\/a><br><\/p>\n\n\n\n<p><\/p>\n","protected":false},"excerpt":{"rendered":"<p>UKSW HRS4R Team On 12 February 2025, new teams were established \u2013 the Steering Committee and the Working Group \u2013 tasked with reviewing, updating and implementing key human resources management processes in line with the principles of the European Charter for Researchers and the Code of Conduct for the Recruitment of Researchers, with the purpose [&hellip;]<\/p>\n","protected":false},"author":268,"featured_media":0,"parent":21706,"menu_order":8,"comment_status":"closed","ping_status":"closed","template":"page-templates\/template-sub-page.php","meta":{"_acf_changed":false,"inline_featured_image":false,"footnotes":"","_links_to":"","_links_to_target":""},"class_list":["post-65185","page","type-page","status-publish","hentry"],"acf":[],"_links":{"self":[{"href":"https:\/\/uksw.edu.pl\/en\/wp-json\/wp\/v2\/pages\/65185","targetHints":{"allow":["GET"]}}],"collection":[{"href":"https:\/\/uksw.edu.pl\/en\/wp-json\/wp\/v2\/pages"}],"about":[{"href":"https:\/\/uksw.edu.pl\/en\/wp-json\/wp\/v2\/types\/page"}],"author":[{"embeddable":true,"href":"https:\/\/uksw.edu.pl\/en\/wp-json\/wp\/v2\/users\/268"}],"replies":[{"embeddable":true,"href":"https:\/\/uksw.edu.pl\/en\/wp-json\/wp\/v2\/comments?post=65185"}],"version-history":[{"count":28,"href":"https:\/\/uksw.edu.pl\/en\/wp-json\/wp\/v2\/pages\/65185\/revisions"}],"predecessor-version":[{"id":66441,"href":"https:\/\/uksw.edu.pl\/en\/wp-json\/wp\/v2\/pages\/65185\/revisions\/66441"}],"up":[{"embeddable":true,"href":"https:\/\/uksw.edu.pl\/en\/wp-json\/wp\/v2\/pages\/21706"}],"wp:attachment":[{"href":"https:\/\/uksw.edu.pl\/en\/wp-json\/wp\/v2\/media?parent=65185"}],"curies":[{"name":"wp","href":"https:\/\/api.w.org\/{rel}","templated":true}]}}